{"id":147,"date":"2026-01-01T21:43:46","date_gmt":"2026-01-01T20:43:46","guid":{"rendered":"https:\/\/fyh.es\/revista\/?post_type=product&#038;p=147"},"modified":"2026-01-07T10:36:20","modified_gmt":"2026-01-07T09:36:20","slug":"revista-fh-564-diciembre-2025","status":"publish","type":"product","link":"https:\/\/fyh.es\/revista\/producto\/revista-fh-564-diciembre-2025\/","title":{"rendered":"Revista F&#038;H 564 &#8211; Diciembre 2025"},"content":{"rendered":"<p>En la \u00faltima edici\u00f3n de la revista F&amp;H, incluimos un <strong>ranking con los principales operadores del sector del pimiento en Espa\u00f1a<\/strong>, cultivo amenazado por el<strong> Thrips parvispinus<\/strong>, que ha obligado a arrancar superficie en zonas como Almer\u00eda.<\/p>\n<p>Y adem\u00e1s\u2026<\/p>\n<p>\u00b7 La revoluci\u00f3n Green Queen.<\/p>\n<p>\u00b7 Jos\u00e9 A. G\u00f3mez, jefe de compras de frutas y verduras de M\u00e1s Supermercados.<\/p>\n<p>\u00b7 Las hortalizas hacen su \u2018enero\u2019.<\/p>\n<p>\u00b7 Los ajustes de la distribuci\u00f3n en Francia.<\/p>\n<p>\u00b7 La sand\u00eda que viene.<\/p>\n","protected":false},"excerpt":{"rendered":"<p>En la \u00faltima edici\u00f3n de la revista F&amp;H, incluimos un ranking con los principales operadores del sector del pimiento en Espa\u00f1a, cultivo amenazado por el Thrips parvispinus, que ha obligado a arrancar superficie en zonas como Almer\u00eda. Y adem\u00e1s\u2026 \u00b7 La revoluci\u00f3n Green Queen. \u00b7 Jos\u00e9 A. G\u00f3mez, jefe de compras de frutas y verduras [&hellip;]<\/p>\n","protected":false},"featured_media":149,"template":"","meta":{"pmpro_default_level":""},"product_brand":[],"product_cat":[15],"product_tag":[],"class_list":{"0":"post-147","1":"product","2":"type-product","3":"status-publish","4":"has-post-thumbnail","6":"product_cat-revistafyh","7":"pmpro-has-access","9":"first","10":"instock","11":"downloadable","12":"virtual","13":"purchasable","14":"product-type-simple"},"jetpack_sharing_enabled":true,"_links":{"self":[{"href":"https:\/\/fyh.es\/revista\/wp-json\/wp\/v2\/product\/147","targetHints":{"allow":["GET"]}}],"collection":[{"href":"https:\/\/fyh.es\/revista\/wp-json\/wp\/v2\/product"}],"about":[{"href":"https:\/\/fyh.es\/revista\/wp-json\/wp\/v2\/types\/product"}],"wp:featuredmedia":[{"embeddable":true,"href":"https:\/\/fyh.es\/revista\/wp-json\/wp\/v2\/media\/149"}],"wp:attachment":[{"href":"https:\/\/fyh.es\/revista\/wp-json\/wp\/v2\/media?parent=147"}],"wp:term":[{"taxonomy":"product_brand","embeddable":true,"href":"https:\/\/fyh.es\/revista\/wp-json\/wp\/v2\/product_brand?post=147"},{"taxonomy":"product_cat","embeddable":true,"href":"https:\/\/fyh.es\/revista\/wp-json\/wp\/v2\/product_cat?post=147"},{"taxonomy":"product_tag","embeddable":true,"href":"https:\/\/fyh.es\/revista\/wp-json\/wp\/v2\/product_tag?post=147"}],"curies":[{"name":"wp","href":"https:\/\/api.w.org\/{rel}","templated":true}]}}